{"id":862,"date":"2025-10-28T23:36:32","date_gmt":"2025-10-28T23:36:32","guid":{"rendered":"https:\/\/evolutatv.com\/?page_id=862"},"modified":"2026-01-30T21:13:19","modified_gmt":"2026-01-30T21:13:19","slug":"revendeur","status":"publish","type":"page","link":"https:\/\/evolutatv.com\/index.php\/revendeur\/","title":{"rendered":"Revendeur"},"content":{"rendered":"\n<p>Vous souhaiter devenir un revendeur de service IPTV ?<\/p>\n\n\n\n<p>Parfait! Nous avons des solutions pour vous!  Il y a certaines r\u00e8gles \u00e0 respecter afin de pouvoir cr\u00e9er un compte revendeur pour vous !<\/p>\n\n\n\n<ul class=\"wp-block-list\">\n<li>Avoir une bonne connaissance informatique des applications et des appareils IPTV sur le march\u00e9.<\/li>\n\n\n\n<li> Compr\u00e9hension des VPN et de son utilisation.<\/li>\n\n\n\n<li>Avoir une bonne gestion et support pour sa client\u00e8le.<\/li>\n\n\n\n<li>\u00catre un bon vendeur et non \u00eatre un bon menteur.  <\/li>\n<\/ul>\n\n\n\n<p>Pour plus d&rsquo;information communiquez avec nous par courriel \u00e0 :  services@evolutatv.com<\/p>\n\n\n\n<p>Notre \u00e9quipe se fera un plaisir de r\u00e9pondre \u00e0 vos questions et de vous aider dans le processus de la cr\u00e9ation de votre compte.<\/p>\n","protected":false},"excerpt":{"rendered":"<p>Vous souhaiter devenir un revendeur de service IPTV ? Parfait! Nous avons des solutions pour vous! Il y a certaines r\u00e8gles \u00e0 respecter afin de pouvoir cr\u00e9er un compte revendeur pour vous ! Pour plus d&rsquo;information communiquez avec nous par courriel \u00e0 : services@evolutatv.com Notre \u00e9quipe se fera un plaisir de r\u00e9pondre \u00e0 vos questions et de vous aider dans le processus de la cr\u00e9ation de votre compte.<\/p>\n","protected":false},"author":2,"featured_media":0,"parent":0,"menu_order":0,"comment_status":"closed","ping_status":"closed","template":"","meta":{"_uag_custom_page_level_css":"","site-sidebar-layout":"default","site-content-layout":"","ast-site-content-layout":"default","site-content-style":"default","site-sidebar-style":"default","ast-global-header-display":"","ast-banner-title-visibility":"","ast-main-header-display":"","ast-hfb-above-header-display":"","ast-hfb-below-header-display":"","ast-hfb-mobile-header-display":"","site-post-title":"","ast-breadcrumbs-content":"","ast-featured-img":"","footer-sml-layout":"","ast-disable-related-posts":"","theme-transparent-header-meta":"","adv-header-id-meta":"","stick-header-meta":"","header-above-stick-meta":"","header-main-stick-meta":"","header-below-stick-meta":"","astra-migrate-meta-layouts":"default","ast-page-background-enabled":"default","ast-page-background-meta":{"desktop":{"background-color":"var(--ast-global-color-5)","background-image":"","background-repeat":"repeat","background-position":"center center","background-size":"auto","background-attachment":"scroll","background-type":"","background-media":"","overlay-type":"","overlay-color":"","overlay-opacity":"","overlay-gradient":""},"tablet":{"background-color":"","background-image":"","background-repeat":"repeat","background-position":"center center","background-size":"auto","background-attachment":"scroll","background-type":"","background-media":"","overlay-type":"","overlay-color":"","overlay-opacity":"","overlay-gradient":""},"mobile":{"background-color":"","background-image":"","background-repeat":"repeat","background-position":"center center","background-size":"auto","background-attachment":"scroll","background-type":"","background-media":"","overlay-type":"","overlay-color":"","overlay-opacity":"","overlay-gradient":""}},"ast-content-background-meta":{"desktop":{"background-color":"var(--ast-global-color-4)","background-image":"","background-repeat":"repeat","background-position":"center center","background-size":"auto","background-attachment":"scroll","background-type":"","background-media":"","overlay-type":"","overlay-color":"","overlay-opacity":"","overlay-gradient":""},"tablet":{"background-color":"var(--ast-global-color-4)","background-image":"","background-repeat":"repeat","background-position":"center center","background-size":"auto","background-attachment":"scroll","background-type":"","background-media":"","overlay-type":"","overlay-color":"","overlay-opacity":"","overlay-gradient":""},"mobile":{"background-color":"var(--ast-global-color-4)","background-image":"","background-repeat":"repeat","background-position":"center center","background-size":"auto","background-attachment":"scroll","background-type":"","background-media":"","overlay-type":"","overlay-color":"","overlay-opacity":"","overlay-gradient":""}},"footnotes":""},"class_list":["post-862","page","type-page","status-publish","hentry"],"uagb_featured_image_src":{"full":false,"thumbnail":false,"medium":false,"medium_large":false,"large":false,"1536x1536":false,"2048x2048":false,"woocommerce_thumbnail":false,"woocommerce_single":false,"woocommerce_gallery_thumbnail":false},"uagb_author_info":{"display_name":"admin iptv","author_link":"https:\/\/evolutatv.com\/index.php\/author\/admin\/"},"uagb_comment_info":0,"uagb_excerpt":"Vous souhaiter devenir un revendeur de service IPTV ? Parfait! Nous avons des solutions pour vous! Il y a certaines r\u00e8gles \u00e0 respecter afin de pouvoir cr\u00e9er un compte revendeur pour vous ! Pour plus d&rsquo;information communiquez avec nous par courriel \u00e0 : services@evolutatv.com Notre \u00e9quipe se fera un plaisir de r\u00e9pondre \u00e0 vos questions&hellip;","_links":{"self":[{"href":"https:\/\/evolutatv.com\/index.php\/wp-json\/wp\/v2\/pages\/862","targetHints":{"allow":["GET"]}}],"collection":[{"href":"https:\/\/evolutatv.com\/index.php\/wp-json\/wp\/v2\/pages"}],"about":[{"href":"https:\/\/evolutatv.com\/index.php\/wp-json\/wp\/v2\/types\/page"}],"author":[{"embeddable":true,"href":"https:\/\/evolutatv.com\/index.php\/wp-json\/wp\/v2\/users\/2"}],"replies":[{"embeddable":true,"href":"https:\/\/evolutatv.com\/index.php\/wp-json\/wp\/v2\/comments?post=862"}],"version-history":[{"count":3,"href":"https:\/\/evolutatv.com\/index.php\/wp-json\/wp\/v2\/pages\/862\/revisions"}],"predecessor-version":[{"id":1111,"href":"https:\/\/evolutatv.com\/index.php\/wp-json\/wp\/v2\/pages\/862\/revisions\/1111"}],"wp:attachment":[{"href":"https:\/\/evolutatv.com\/index.php\/wp-json\/wp\/v2\/media?parent=862"}],"curies":[{"name":"wp","href":"https:\/\/api.w.org\/{rel}","templated":true}]}}