{"id":246,"date":"2025-04-09T11:37:00","date_gmt":"2025-04-09T11:37:00","guid":{"rendered":"https:\/\/slategray-fly-310049.hostingersite.com\/?page_id=246"},"modified":"2025-10-21T01:45:37","modified_gmt":"2025-10-21T01:45:37","slug":"privacy-policy","status":"publish","type":"page","link":"https:\/\/evolutatv.com\/index.php\/privacy-policy\/","title":{"rendered":"Politique de confidentialit\u00e9"},"content":{"rendered":"\n<p>Chez\u00a0<strong>Evolutatv<\/strong>, accessible \u00e0 partir de\u00a0<strong>Evolutatv.com<\/strong>, la confidentialit\u00e9 de nos visiteurs constitue l\u2019une de nos principales priorit\u00e9s.<br>Le pr\u00e9sent document de\u00a0<strong>Politique de Confidentialit\u00e9<\/strong>\u00a0d\u00e9crit les types d\u2019informations recueillies et enregistr\u00e9es par <strong>Evolutatv<\/strong> ainsi que la mani\u00e8re dont nous les utilisons.<\/p>\n\n\n\n<p>Si vous avez des questions suppl\u00e9mentaires ou souhaitez obtenir plus d\u2019informations \u00e0 propos de notre politique de confidentialit\u00e9, n\u2019h\u00e9sitez pas \u00e0 nous contacter.<\/p>\n\n\n\n<p>Cette politique s\u2019applique uniquement \u00e0 nos activit\u00e9s en ligne et concerne les visiteurs de notre site web en ce qui a trait aux informations qu\u2019ils partagent et\/ou que nous collectons sur <strong>Evolutatv<\/strong>. Elle ne s\u2019applique pas aux donn\u00e9es recueillies hors ligne ou par d\u2019autres canaux que ce site web.<\/p>\n\n\n\n<h2 class=\"wp-block-heading\">Consentement<\/h2>\n\n\n\n<p>En utilisant notre site web, vous consentez \u00e0 notre Politique de Confidentialit\u00e9 et acceptez ses conditions.<\/p>\n\n\n\n<h2 class=\"wp-block-heading\">Information que nous collectons<\/h2>\n\n\n\n<p>Les informations personnelles que nous vous demandons de fournir, ainsi que les raisons pour lesquelles nous vous les demandons, vous seront clairement expliqu\u00e9es au moment de la collecte.<\/p>\n\n\n\n<p>Si vous nous contactez directement, nous pourrions recevoir des informations suppl\u00e9mentaires vous concernant, telles que votre nom, votre adresse courriel, votre num\u00e9ro de t\u00e9l\u00e9phone, le contenu de votre message et\/ou les pi\u00e8ces jointes que vous nous envoyez, ainsi que toute autre information que vous choisissez de nous communiquer.<\/p>\n\n\n\n<p>Lorsque vous cr\u00e9ez un compte, nous pouvons vous demander de fournir des informations de contact telles que : nom, nom de l\u2019entreprise, adresse, adresse courriel et num\u00e9ro de t\u00e9l\u00e9phone.<\/p>\n\n\n\n<h2 class=\"wp-block-heading\">Comment nous utilisons vos informations<\/h2>\n\n\n\n<p>We use the information we collect in various ways, including to:<\/p>\n\n\n\n<ul class=\"wp-block-list\">\n<li>Fournir, exploiter et maintenir notre site web.<\/li>\n\n\n\n<li>Am\u00e9liorer, personnaliser et d\u00e9velopper notre site web.<\/li>\n\n\n\n<li>Comprendre et analyser la fa\u00e7on dont vous utilisez notre site.<\/li>\n\n\n\n<li>D\u00e9velopper de nouveaux produits, services, fonctionnalit\u00e9s et options.<\/li>\n\n\n\n<li>Communiquer avec vous, directement ou par l\u2019interm\u00e9diaire de nos partenaires (service \u00e0 la client\u00e8le, mises \u00e0 jour, informations li\u00e9es au site, offres promotionnelles, etc.).<\/li>\n\n\n\n<li>Vous envoyer des courriels.<\/li>\n\n\n\n<li>D\u00e9tecter et pr\u00e9venir la fraude.<\/li>\n<\/ul>\n\n\n\n<h2 class=\"wp-block-heading\">Fichiers journaux (Log Files)<\/h2>\n\n\n\n<p><strong>Evolutatv<\/strong> suit une proc\u00e9dure standard d\u2019utilisation de fichiers journaux. Ces fichiers enregistrent les visiteurs lorsqu\u2019ils consultent un site web. Toutes les soci\u00e9t\u00e9s d\u2019h\u00e9bergement proc\u00e8dent ainsi dans le cadre de leurs services d\u2019analyse. Les informations collect\u00e9es par ces fichiers incluent : adresses IP, type de navigateur, fournisseur de services Internet (FAI), date et heure de visite, pages de provenance\/de sortie et \u00e9ventuellement le nombre de clics. Ces donn\u00e9es ne sont\u00a0<strong>pas li\u00e9es<\/strong>\u00a0\u00e0 des informations personnellement identifiables. Elles servent uniquement \u00e0 analyser les tendances, administrer le site, suivre la navigation des utilisateurs et recueillir des donn\u00e9es d\u00e9mographiques.<\/p>\n\n\n\n<h2 class=\"wp-block-heading\">Cookies et Balises Web<\/h2>\n\n\n\n<p>Comme tout autre site web,\u00a0<strong>Evolutatv<\/strong>\u00a0utilise des \u00ab cookies \u00bb. Ces cookies servent \u00e0 stocker certaines informations, notamment les pr\u00e9f\u00e9rences des visiteurs et les pages consult\u00e9es. Ces donn\u00e9es permettent d\u2019optimiser l\u2019exp\u00e9rience utilisateur en adaptant le contenu du site en fonction du type de navigateur ou d\u2019autres informations pertinentes.<\/p>\n\n\n\n<h2 class=\"wp-block-heading\">Nos partenaires publicitaires<\/h2>\n\n\n\n<p>Certains annonceurs de notre site peuvent utiliser des cookies et des balises web.<br>Nos partenaires publicitaires sont list\u00e9s ci-dessous, chacun ayant sa propre politique de confidentialit\u00e9 concernant les donn\u00e9es des utilisateurs :<\/p>\n\n\n\n<ul class=\"wp-block-list\">\n<li>Google <a href=\"https:\/\/policies.google.com\/technologies\/ads\">https:\/\/policies.google.com\/technologies\/ads<\/a><\/li>\n<\/ul>\n\n\n\n<h2 class=\"wp-block-heading\">Politiques de confidentialit\u00e9 des partenaires publicitaires<\/h2>\n\n\n\n<p>Vous pouvez consulter cette liste pour acc\u00e9der \u00e0 la politique de confidentialit\u00e9 de chacun de nos partenaires publicitaires.<\/p>\n\n\n\n<p>Les serveurs ou r\u00e9seaux publicitaires tiers utilisent des technologies telles que les cookies, JavaScript ou les balises web dans leurs publicit\u00e9s et liens apparaissant sur <strong>Evolutatv<\/strong>. Ces \u00e9l\u00e9ments sont directement transmis \u00e0 votre navigateur, qui re\u00e7oit alors automatiquement votre adresse IP. Ces technologies sont utilis\u00e9es pour mesurer l\u2019efficacit\u00e9 de leurs campagnes publicitaires et pour personnaliser le contenu des annonces que vous voyez sur d\u2019autres sites web.<br>Veuillez noter que <strong>Evolutatv<\/strong> n\u2019a\u00a0<strong>aucun acc\u00e8s ni contr\u00f4le<\/strong>\u00a0sur les cookies utilis\u00e9s par ces annonceurs tiers.<\/p>\n\n\n\n<p>Veuillez noter que <strong>Evolutatv<\/strong> n\u2019a\u00a0<strong>aucun acc\u00e8s ni contr\u00f4le<\/strong>\u00a0sur les cookies utilis\u00e9s par ces annonceurs tiers.<\/p>\n\n\n\n<h2 class=\"wp-block-heading\">Politiques de confidentialit\u00e9 des tiers<\/h2>\n\n\n\n<p>La politique de confidentialit\u00e9 de StreamNow ne s\u2019applique pas aux autres annonceurs ou sites web.<br>Nous vous conseillons donc de consulter les politiques de confidentialit\u00e9 respectives de ces tiers pour obtenir des informations d\u00e9taill\u00e9es, notamment sur leurs pratiques et sur la mani\u00e8re de d\u00e9sactiver certaines options.<\/p>\n\n\n\n<p>Vous pouvez choisir de d\u00e9sactiver les cookies via les param\u00e8tres de votre navigateur. Pour plus d\u2019informations sur la gestion des cookies dans un navigateur particulier, veuillez consulter son site web officiel.<\/p>\n\n\n\n<h2 class=\"wp-block-heading\">Informations concernant les enfants<\/h2>\n\n\n\n<p>La protection des enfants sur Internet constitue une autre de nos priorit\u00e9s.<br>Nous encourageons les parents et tuteurs \u00e0 surveiller, participer et encadrer l\u2019activit\u00e9 en ligne de leurs enfants.<\/p>\n\n\n\n<p><strong>Evolutatv<\/strong> ne collecte\u00a0<strong>intentionnellement<\/strong>\u00a0aucune information personnelle identifiable d\u2019enfants de <strong>moins de 18 ans.<\/strong><br>Si vous pensez que votre enfant nous a transmis ce type d\u2019information, veuillez nous contacter imm\u00e9diatement. Nous ferons le n\u00e9cessaire pour supprimer ces donn\u00e9es dans les plus brefs d\u00e9lais.<\/p>\n\n\n\n<h2 class=\"wp-block-heading\">Modifications de cette politique de confidentialit\u00e9<\/h2>\n\n\n\n<p>Nous pouvons mettre \u00e0 jour cette politique de confidentialit\u00e9 de temps \u00e0 autre. Nous vous conseillons de consulter r\u00e9guli\u00e8rement cette page afin de prendre connaissance des \u00e9ventuelles modifications. Nous publierons la nouvelle politique sur cette page, et les changements prendront effet d\u00e8s leur publication.<\/p>\n\n\n\n<p>Notre politique de confidentialit\u00e9 a \u00e9t\u00e9 r\u00e9dig\u00e9e avec l\u2019aide du <a href=\"https:\/\/www.termsfeed.com\/privacy-policy-generator\/\">Privacy Policy Generator<\/a>.<\/p>\n\n\n\n<h2 class=\"wp-block-heading\">Contactez-nous<\/h2>\n\n\n\n<p>Pour toute question ou suggestion concernant cette politique de confidentialit\u00e9, n\u2019h\u00e9sitez pas \u00e0\u00a0<strong>nous contacter<\/strong>.<\/p>\n","protected":false},"excerpt":{"rendered":"<p>Chez\u00a0Evolutatv, accessible \u00e0 partir de\u00a0Evolutatv.com, la confidentialit\u00e9 de nos visiteurs constitue l\u2019une de nos principales priorit\u00e9s.Le pr\u00e9sent document de\u00a0Politique de Confidentialit\u00e9\u00a0d\u00e9crit les types d\u2019informations recueillies et enregistr\u00e9es par Evolutatv ainsi que la mani\u00e8re dont nous les utilisons. Si vous avez des questions suppl\u00e9mentaires ou souhaitez obtenir plus d\u2019informations \u00e0 propos de notre politique de confidentialit\u00e9, n\u2019h\u00e9sitez pas \u00e0 nous contacter. Cette politique s\u2019applique uniquement \u00e0 nos activit\u00e9s en ligne et concerne les visiteurs de notre site web en ce qui a trait aux informations qu\u2019ils partagent et\/ou que nous collectons sur Evolutatv. Elle ne s\u2019applique pas aux donn\u00e9es recueillies hors ligne ou par d\u2019autres canaux que ce site web. Consentement En utilisant notre site web, vous consentez \u00e0 notre Politique de Confidentialit\u00e9 et acceptez ses conditions. Information que nous collectons Les informations personnelles que nous vous demandons de fournir, ainsi que les raisons pour lesquelles nous vous les demandons, vous seront clairement expliqu\u00e9es au moment de la collecte. Si vous nous contactez directement, nous pourrions recevoir des informations suppl\u00e9mentaires vous concernant, telles que votre nom, votre adresse courriel, votre num\u00e9ro de t\u00e9l\u00e9phone, le contenu de votre message et\/ou les pi\u00e8ces jointes que vous nous envoyez, ainsi que toute autre information que vous choisissez de nous communiquer. Lorsque vous cr\u00e9ez un compte, nous pouvons vous demander de fournir des informations de contact telles que : nom, nom de l\u2019entreprise, adresse, adresse courriel et num\u00e9ro de t\u00e9l\u00e9phone. Comment nous utilisons vos informations We use the information we collect in various ways, including to: Fichiers journaux (Log Files) Evolutatv suit une proc\u00e9dure standard d\u2019utilisation de fichiers journaux. Ces fichiers enregistrent les visiteurs lorsqu\u2019ils consultent un site web. Toutes les soci\u00e9t\u00e9s d\u2019h\u00e9bergement proc\u00e8dent ainsi dans le cadre de leurs services d\u2019analyse. Les informations collect\u00e9es par ces fichiers incluent : adresses IP, type de navigateur, fournisseur de services Internet (FAI), date et heure de visite, pages de provenance\/de sortie et \u00e9ventuellement le nombre de clics. Ces donn\u00e9es ne sont\u00a0pas li\u00e9es\u00a0\u00e0 des informations personnellement identifiables. Elles servent uniquement \u00e0 analyser les tendances, administrer le site, suivre la navigation des utilisateurs et recueillir des donn\u00e9es d\u00e9mographiques. Cookies et Balises Web Comme tout autre site web,\u00a0Evolutatv\u00a0utilise des \u00ab cookies \u00bb. Ces cookies servent \u00e0 stocker certaines informations, notamment les pr\u00e9f\u00e9rences des visiteurs et les pages consult\u00e9es. Ces donn\u00e9es permettent d\u2019optimiser l\u2019exp\u00e9rience utilisateur en adaptant le contenu du site en fonction du type de navigateur ou d\u2019autres informations pertinentes. Nos partenaires publicitaires Certains annonceurs de notre site peuvent utiliser des cookies et des balises web.Nos partenaires publicitaires sont list\u00e9s ci-dessous, chacun ayant sa propre politique de confidentialit\u00e9 concernant les donn\u00e9es des utilisateurs : Politiques de confidentialit\u00e9 des partenaires publicitaires Vous pouvez consulter cette liste pour acc\u00e9der \u00e0 la politique de confidentialit\u00e9 de chacun de nos partenaires publicitaires. Les serveurs ou r\u00e9seaux publicitaires tiers utilisent des technologies telles que les cookies, JavaScript ou les balises web dans leurs publicit\u00e9s et liens apparaissant sur Evolutatv. Ces \u00e9l\u00e9ments sont directement transmis \u00e0 votre navigateur, qui re\u00e7oit alors automatiquement votre adresse IP. Ces technologies sont utilis\u00e9es pour mesurer l\u2019efficacit\u00e9 de leurs campagnes publicitaires et pour personnaliser le contenu des annonces que vous voyez sur d\u2019autres sites web.Veuillez noter que Evolutatv n\u2019a\u00a0aucun acc\u00e8s ni contr\u00f4le\u00a0sur les cookies utilis\u00e9s par ces annonceurs tiers. Veuillez noter que Evolutatv n\u2019a\u00a0aucun acc\u00e8s ni contr\u00f4le\u00a0sur les cookies utilis\u00e9s par ces annonceurs tiers. Politiques de confidentialit\u00e9 des tiers La politique de confidentialit\u00e9 de StreamNow ne s\u2019applique pas aux autres annonceurs ou sites web.Nous vous conseillons donc de consulter les politiques de confidentialit\u00e9 respectives de ces tiers pour obtenir des informations d\u00e9taill\u00e9es, notamment sur leurs pratiques et sur la mani\u00e8re de d\u00e9sactiver certaines options. Vous pouvez choisir de d\u00e9sactiver les cookies via les param\u00e8tres de votre navigateur. Pour plus d\u2019informations sur la gestion des cookies dans un navigateur particulier, veuillez consulter son site web officiel. Informations concernant les enfants La protection des enfants sur Internet constitue une autre de nos priorit\u00e9s.Nous encourageons les parents et tuteurs \u00e0 surveiller, participer et encadrer l\u2019activit\u00e9 en ligne de leurs enfants. Evolutatv ne collecte\u00a0intentionnellement\u00a0aucune information personnelle identifiable d\u2019enfants de moins de 18 ans.Si vous pensez que votre enfant nous a transmis ce type d\u2019information, veuillez nous contacter imm\u00e9diatement. Nous ferons le n\u00e9cessaire pour supprimer ces donn\u00e9es dans les plus brefs d\u00e9lais. Modifications de cette politique de confidentialit\u00e9 Nous pouvons mettre \u00e0 jour cette politique de confidentialit\u00e9 de temps \u00e0 autre. Nous vous conseillons de consulter r\u00e9guli\u00e8rement cette page afin de prendre connaissance des \u00e9ventuelles modifications. Nous publierons la nouvelle politique sur cette page, et les changements prendront effet d\u00e8s leur publication. Notre politique de confidentialit\u00e9 a \u00e9t\u00e9 r\u00e9dig\u00e9e avec l\u2019aide du Privacy Policy Generator. Contactez-nous Pour toute question ou suggestion concernant cette politique de confidentialit\u00e9, n\u2019h\u00e9sitez pas \u00e0\u00a0nous contacter.<\/p>\n","protected":false},"author":2,"featured_media":0,"parent":0,"menu_order":0,"comment_status":"closed","ping_status":"closed","template":"","meta":{"_uag_custom_page_level_css":"","site-sidebar-layout":"default","site-content-layout":"","ast-site-content-layout":"default","site-content-style":"default","site-sidebar-style":"default","ast-global-header-display":"","ast-banner-title-visibility":"","ast-main-header-display":"","ast-hfb-above-header-display":"","ast-hfb-below-header-display":"","ast-hfb-mobile-header-display":"","site-post-title":"","ast-breadcrumbs-content":"","ast-featured-img":"","footer-sml-layout":"","ast-disable-related-posts":"","theme-transparent-header-meta":"default","adv-header-id-meta":"","stick-header-meta":"","header-above-stick-meta":"","header-main-stick-meta":"","header-below-stick-meta":"","astra-migrate-meta-layouts":"set","ast-page-background-enabled":"default","ast-page-background-meta":{"desktop":{"background-color":"var(--ast-global-color-5)","background-image":"","background-repeat":"repeat","background-position":"center center","background-size":"auto","background-attachment":"scroll","background-type":"","background-media":"","overlay-type":"","overlay-color":"","overlay-opacity":"","overlay-gradient":""},"tablet":{"background-color":"","background-image":"","background-repeat":"repeat","background-position":"center center","background-size":"auto","background-attachment":"scroll","background-type":"","background-media":"","overlay-type":"","overlay-color":"","overlay-opacity":"","overlay-gradient":""},"mobile":{"background-color":"","background-image":"","background-repeat":"repeat","background-position":"center center","background-size":"auto","background-attachment":"scroll","background-type":"","background-media":"","overlay-type":"","overlay-color":"","overlay-opacity":"","overlay-gradient":""}},"ast-content-background-meta":{"desktop":{"background-color":"var(--ast-global-color-4)","background-image":"","background-repeat":"repeat","background-position":"center center","background-size":"auto","background-attachment":"scroll","background-type":"","background-media":"","overlay-type":"","overlay-color":"","overlay-opacity":"","overlay-gradient":""},"tablet":{"background-color":"var(--ast-global-color-4)","background-image":"","background-repeat":"repeat","background-position":"center center","background-size":"auto","background-attachment":"scroll","background-type":"","background-media":"","overlay-type":"","overlay-color":"","overlay-opacity":"","overlay-gradient":""},"mobile":{"background-color":"var(--ast-global-color-4)","background-image":"","background-repeat":"repeat","background-position":"center center","background-size":"auto","background-attachment":"scroll","background-type":"","background-media":"","overlay-type":"","overlay-color":"","overlay-opacity":"","overlay-gradient":""}},"footnotes":""},"class_list":["post-246","page","type-page","status-publish","hentry"],"uagb_featured_image_src":{"full":false,"thumbnail":false,"medium":false,"medium_large":false,"large":false,"1536x1536":false,"2048x2048":false,"woocommerce_thumbnail":false,"woocommerce_single":false,"woocommerce_gallery_thumbnail":false},"uagb_author_info":{"display_name":"admin iptv","author_link":"https:\/\/evolutatv.com\/index.php\/author\/admin\/"},"uagb_comment_info":0,"uagb_excerpt":"Chez\u00a0Evolutatv, accessible \u00e0 partir de\u00a0Evolutatv.com, la confidentialit\u00e9 de nos visiteurs constitue l\u2019une de nos principales priorit\u00e9s.Le pr\u00e9sent document de\u00a0Politique de Confidentialit\u00e9\u00a0d\u00e9crit les types d\u2019informations recueillies et enregistr\u00e9es par Evolutatv ainsi que la mani\u00e8re dont nous les utilisons. Si vous avez des questions suppl\u00e9mentaires ou souhaitez obtenir plus d\u2019informations \u00e0 propos de notre politique de confidentialit\u00e9,&hellip;","_links":{"self":[{"href":"https:\/\/evolutatv.com\/index.php\/wp-json\/wp\/v2\/pages\/246","targetHints":{"allow":["GET"]}}],"collection":[{"href":"https:\/\/evolutatv.com\/index.php\/wp-json\/wp\/v2\/pages"}],"about":[{"href":"https:\/\/evolutatv.com\/index.php\/wp-json\/wp\/v2\/types\/page"}],"author":[{"embeddable":true,"href":"https:\/\/evolutatv.com\/index.php\/wp-json\/wp\/v2\/users\/2"}],"replies":[{"embeddable":true,"href":"https:\/\/evolutatv.com\/index.php\/wp-json\/wp\/v2\/comments?post=246"}],"version-history":[{"count":3,"href":"https:\/\/evolutatv.com\/index.php\/wp-json\/wp\/v2\/pages\/246\/revisions"}],"predecessor-version":[{"id":700,"href":"https:\/\/evolutatv.com\/index.php\/wp-json\/wp\/v2\/pages\/246\/revisions\/700"}],"wp:attachment":[{"href":"https:\/\/evolutatv.com\/index.php\/wp-json\/wp\/v2\/media?parent=246"}],"curies":[{"name":"wp","href":"https:\/\/api.w.org\/{rel}","templated":true}]}}