{"id":244,"date":"2025-04-09T11:36:51","date_gmt":"2025-04-09T11:36:51","guid":{"rendered":"https:\/\/slategray-fly-310049.hostingersite.com\/?page_id=244"},"modified":"2025-10-21T02:15:13","modified_gmt":"2025-10-21T02:15:13","slug":"terms-of-service","status":"publish","type":"page","link":"https:\/\/evolutatv.com\/index.php\/terms-of-service\/","title":{"rendered":"Conditions d\u2019utilisation"},"content":{"rendered":"\n<p>Bienvenue chez <strong>Evolutatv!<\/strong><\/p>\n\n\n\n<p>Les pr\u00e9sentes conditions g\u00e9n\u00e9rales d\u00e9finissent les r\u00e8gles et r\u00e8glements r\u00e9gissant l\u2019utilisation du site web de\u00a0<strong>Evolutatv<\/strong>, situ\u00e9 \u00e0 l\u2019adresse\u00a0<strong>Evolutatv.com<\/strong>.<\/p>\n\n\n\n<p>En acc\u00e9dant \u00e0 ce site, vous acceptez ces conditions g\u00e9n\u00e9rales. Si vous n\u2019\u00eates pas d\u2019accord avec l\u2019ensemble des conditions \u00e9nonc\u00e9es sur cette page, veuillez ne pas poursuivre l\u2019utilisation de\u00a0<strong>Evolutatv<\/strong>.<\/p>\n\n\n\n<p>La terminologie suivante s\u2019applique \u00e0 ces&nbsp;<strong>Conditions g\u00e9n\u00e9rales<\/strong>, \u00e0 la&nbsp;<strong>Politique de confidentialit\u00e9<\/strong>&nbsp;et \u00e0 l\u2019<strong>Avis de non-responsabilit\u00e9<\/strong>, ainsi qu\u2019\u00e0 tous les accords conclus :<\/p>\n\n\n\n<ul class=\"wp-block-list\">\n<li>\u00ab\u00a0<strong>Client<\/strong>\u00a0\u00bb, \u00ab\u00a0<strong>Vous<\/strong>\u00a0\u00bb et \u00ab\u00a0<strong>Votre<\/strong>\u00a0\u00bb d\u00e9signent la personne qui acc\u00e8de \u00e0 ce site et accepte les conditions de la soci\u00e9t\u00e9.<\/li>\n\n\n\n<li>\u00ab\u00a0<strong>La Soci\u00e9t\u00e9<\/strong>\u00a0\u00bb, \u00ab\u00a0<strong>Nous<\/strong>\u00a0\u00bb, \u00ab\u00a0<strong>Notre<\/strong>\u00a0\u00bb et \u00ab\u00a0<strong>Nos<\/strong>\u00a0\u00bb d\u00e9signent\u00a0<strong>Evolutatv<\/strong>.<\/li>\n\n\n\n<li>\u00ab\u00a0<strong>Partie<\/strong>\u00a0\u00bb, \u00ab\u00a0<strong>Parties<\/strong>\u00a0\u00bb ou \u00ab\u00a0<strong>Nous<\/strong>\u00a0\u00bb d\u00e9signent conjointement le client et la soci\u00e9t\u00e9.<\/li>\n<\/ul>\n\n\n\n<p>Tous les termes se r\u00e9f\u00e8rent \u00e0 l\u2019offre, \u00e0 l\u2019acceptation et \u00e0 la contrepartie du paiement n\u00e9cessaires pour entreprendre notre assistance au client de la mani\u00e8re la plus appropri\u00e9e afin de r\u00e9pondre \u00e0 ses besoins concernant la fourniture des services de la soci\u00e9t\u00e9, conform\u00e9ment aux lois applicables.<\/p>\n\n\n\n<h3 class=\"wp-block-heading\"><strong>Cookies<\/strong><\/h3>\n\n\n\n<p>Nous utilisons des cookies.<br>En acc\u00e9dant \u00e0\u00a0<strong>Evolutatv<\/strong>, vous acceptez l\u2019utilisation des cookies conform\u00e9ment \u00e0 la\u00a0<strong>Politique de confidentialit\u00e9 de Evolutatv<\/strong>.<\/p>\n\n\n\n<p>La plupart des sites web interactifs utilisent des cookies pour enregistrer les d\u00e9tails des visiteurs \u00e0 chaque visite. Les cookies sont utilis\u00e9s sur notre site afin d\u2019activer certaines fonctionnalit\u00e9s et de faciliter la navigation. Certains de nos partenaires affili\u00e9s ou publicitaires peuvent \u00e9galement utiliser des cookies.<\/p>\n\n\n\n<h3 class=\"wp-block-heading\"><strong>Licence<\/strong><\/h3>\n\n\n\n<p>Sauf indication contraire,\u00a0<strong>Evolutatv<\/strong>\u00a0et\/ou ses conc\u00e9dants d\u00e9tiennent les droits de propri\u00e9t\u00e9 intellectuelle sur l\u2019ensemble du contenu pr\u00e9sent sur\u00a0<strong>Evolutatv<\/strong>. Tous les droits sont r\u00e9serv\u00e9s.<\/p>\n\n\n\n<p>Vous ne devez pas :<\/p>\n\n\n\n<ul class=\"wp-block-list\">\n<li>Republier du contenu de <strong>Evolutatv<\/strong>.<\/li>\n\n\n\n<li>Vendre, louer ou sous-licencier du contenu de <strong>Evolutatv<\/strong>.<\/li>\n\n\n\n<li>Reproduire, copier ou dupliquer du contenu de E<strong>volutatv<\/strong>.<\/li>\n\n\n\n<li>Redistribuer le contenu de <strong>Evolutatv<\/strong>.<\/li>\n<\/ul>\n\n\n\n<p>Certaines sections du site offrent la possibilit\u00e9 aux utilisateurs de publier et d\u2019\u00e9changer des opinions ou informations.\u00a0<strong>Evolutatv<\/strong>\u00a0ne filtre pas, n\u2019\u00e9dite pas et ne publie pas les commentaires avant leur affichage.<\/p>\n\n\n\n<p>Les commentaires refl\u00e8tent uniquement les opinions de leurs auteurs et non celles de\u00a0<strong>Evolutatv<\/strong>, de ses agents ou affili\u00e9s.<\/p>\n\n\n\n<p>Dans la mesure permise par la loi,\u00a0<strong>Evolutatv<\/strong>\u00a0ne saurait \u00eatre tenue responsable des commentaires publi\u00e9s, ni des dommages ou pertes r\u00e9sultant de leur utilisation.<\/p>\n\n\n\n<p><strong>Evolutatfg<\/strong>\u00a0se r\u00e9serve le droit de surveiller tous les commentaires et de supprimer tout contenu jug\u00e9 inappropri\u00e9, offensant ou en violation de ces conditions.<\/p>\n\n\n\n<p>Vous garantissez et d\u00e9clarez que :<\/p>\n\n\n\n<ul class=\"wp-block-list\">\n<li>Vous avez le droit de publier ces commentaires et disposez des licences n\u00e9cessaires.<\/li>\n\n\n\n<li>Ces commentaires ne portent atteinte \u00e0 aucun droit de propri\u00e9t\u00e9 intellectuelle d\u2019un tiers (droit d\u2019auteur, brevet, marque).<\/li>\n\n\n\n<li>Ces commentaires ne contiennent aucun contenu diffamatoire, obsc\u00e8ne, offensant ou ill\u00e9gal.<\/li>\n\n\n\n<li>Ces commentaires ne seront pas utilis\u00e9s \u00e0 des fins commerciales ou ill\u00e9gales.<\/li>\n<\/ul>\n\n\n\n<p>Vous accordez \u00e0\u00a0<strong>Evolutatv<\/strong>\u00a0une licence non exclusive pour utiliser, reproduire, \u00e9diter et autoriser d\u2019autres \u00e0 utiliser, reproduire et modifier vos commentaires sous toute forme, format ou m\u00e9dia.<\/p>\n\n\n\n<h3 class=\"wp-block-heading\"><strong>Liens vers notre contenu<\/strong><\/h3>\n\n\n\n<p>Les organisations suivantes peuvent \u00e9tablir un lien vers notre site sans autorisation \u00e9crite pr\u00e9alable :<\/p>\n\n\n\n<ul class=\"wp-block-list\">\n<li>Les organismes gouvernementaux.<\/li>\n\n\n\n<li>Les moteurs de recherche.<\/li>\n\n\n\n<li>Les m\u00e9dias d\u2019information.<\/li>\n\n\n\n<li>Les distributeurs d\u2019annuaires en ligne.<\/li>\n\n\n\n<li>Les entreprises accr\u00e9dit\u00e9es \u00e0 l\u2019\u00e9chelle du syst\u00e8me (\u00e0 l\u2019exception des organisations \u00e0 but non lucratif ou de collecte de fonds).<\/li>\n<\/ul>\n\n\n\n<p>Ces organisations peuvent cr\u00e9er un lien vers notre page d\u2019accueil ou vers d\u2019autres pages du site \u00e0 condition que le lien :<\/p>\n\n\n\n<p>(a) ne soit pas trompeur.<br>(b) n\u2019implique pas faussement un parrainage ou une approbation de notre part.<br>(c) s\u2019int\u00e8gre dans le contexte du site d\u2019origine.<\/p>\n\n\n\n<p>Nous pouvons envisager et approuver des demandes de lien provenant d\u2019autres organisations telles que :<\/p>\n\n\n\n<ul class=\"wp-block-list\">\n<li>Sources d\u2019information commerciales ou grand public reconnues;<\/li>\n\n\n\n<li>Communaut\u00e9s en ligne (.com);<\/li>\n\n\n\n<li>Associations caritatives;<\/li>\n\n\n\n<li>Portails Internet;<\/li>\n\n\n\n<li>Cabinets comptables, juridiques ou de conseil;<\/li>\n\n\n\n<li>\u00c9tablissements d\u2019enseignement et associations professionnelles.<\/li>\n<\/ul>\n\n\n\n<p>Nous approuverons ces liens si nous estimons qu\u2019ils ne nuisent pas \u00e0 notre image, que l\u2019organisation n\u2019a pas d\u2019ant\u00e9c\u00e9dents n\u00e9gatifs, et que la visibilit\u00e9 offerte par le lien pr\u00e9sente un avantage.<\/p>\n\n\n\n<p>Les liens approuv\u00e9s peuvent pointer vers notre site en utilisant :<\/p>\n\n\n\n<ul class=\"wp-block-list\">\n<li>Notre nom commercial.<\/li>\n\n\n\n<li>L\u2019adresse URL compl\u00e8te.<\/li>\n\n\n\n<li>Toute autre description adapt\u00e9e au contexte du site source.<\/li>\n<\/ul>\n\n\n\n<p>Aucune utilisation du\u00a0<strong>logo ou des \u00e9l\u00e9ments graphiques<\/strong>\u00a0de\u00a0<strong>Evolutatv<\/strong>\u00a0n\u2019est autoris\u00e9e sans accord de licence de marque.<\/p>\n\n\n\n<h3 class=\"wp-block-heading\"><strong>iFrames<\/strong><\/h3>\n\n\n\n<p>Sans autorisation \u00e9crite pr\u00e9alable, il est interdit de cr\u00e9er des cadres (frames) autour de nos pages web modifiant la pr\u00e9sentation visuelle ou l\u2019apparence de notre site.<\/p>\n\n\n\n<h3 class=\"wp-block-heading\"><strong>Responsabilit\u00e9 du contenu<\/strong><\/h3>\n\n\n\n<p>Nous ne serons pas responsables du contenu apparaissant sur votre site web.<br>Vous acceptez de nous indemniser et de nous d\u00e9fendre contre toute r\u00e9clamation d\u00e9coulant de votre site.<\/p>\n\n\n\n<p>Aucun lien ne doit appara\u00eetre sur un site pouvant \u00eatre interpr\u00e9t\u00e9 comme diffamatoire, obsc\u00e8ne, criminel, ou violant les droits d\u2019un tiers.<\/p>\n\n\n\n<h3 class=\"wp-block-heading\"><strong>R\u00e9serve de droits<\/strong><\/h3>\n\n\n\n<p>Nous nous r\u00e9servons le droit de demander la suppression de tout lien vers notre site. Vous acceptez de supprimer imm\u00e9diatement tout lien \u00e0 la demande de\u00a0<strong>Evolutatv<\/strong>.<br>Nous nous r\u00e9servons \u00e9galement le droit de modifier ces conditions et notre politique de liens \u00e0 tout moment.<\/p>\n\n\n\n<p>En continuant \u00e0 cr\u00e9er des liens vers notre site, vous acceptez d\u2019\u00eatre li\u00e9 \u00e0 ces conditions.<\/p>\n\n\n\n<h3 class=\"wp-block-heading\"><strong>Suppression de liens depuis notre site<\/strong><\/h3>\n\n\n\n<p>Si vous estimez qu\u2019un lien pr\u00e9sent sur notre site est offensant, vous pouvez nous en informer \u00e0 tout moment.<br>Nous examinerons votre demande, mais nous ne sommes pas oblig\u00e9s d\u2019y donner suite.<\/p>\n\n\n\n<p>Nous ne garantissons pas que les informations du site soient exactes, compl\u00e8tes ou \u00e0 jour. Nous ne garantissons pas non plus la disponibilit\u00e9 continue du site.<\/p>\n\n\n\n<h3 class=\"wp-block-heading\"><strong>Clause de non-responsabilit\u00e9<\/strong><\/h3>\n\n\n\n<p>Dans la mesure permise par la loi applicable, nous excluons toute garantie ou condition relative \u00e0 notre site web et \u00e0 son utilisation.<\/p>\n\n\n\n<p>Rien dans la pr\u00e9sente clause ne saurait :<\/p>\n\n\n\n<ul class=\"wp-block-list\">\n<li>Limiter ou exclure notre responsabilit\u00e9 (ou la v\u00f4tre) en cas de d\u00e9c\u00e8s ou de blessure corporelle;<\/li>\n\n\n\n<li>Limiter ou exclure notre responsabilit\u00e9 (ou la v\u00f4tre) en cas de fraude ou de fausse d\u00e9claration;<\/li>\n\n\n\n<li>Limiter nos responsabilit\u00e9s d\u2019une mani\u00e8re non autoris\u00e9e par la loi applicable;<\/li>\n\n\n\n<li>Exclure toute responsabilit\u00e9 qui ne peut l\u00e9galement \u00eatre exclue.<\/li>\n<\/ul>\n\n\n\n<p>Les limitations de responsabilit\u00e9 \u00e9nonc\u00e9es ici s\u2019appliquent \u00e0 toutes les formes de responsabilit\u00e9 (contractuelle, d\u00e9lictuelle, ou autre).<\/p>\n\n\n\n<p>Tant que le site et les services fournis le sont&nbsp;<strong>gratuitement<\/strong>, nous ne serons pas responsables d\u2019aucune perte ou dommage de quelque nature que ce soit.<\/p>\n","protected":false},"excerpt":{"rendered":"<p>Bienvenue chez Evolutatv! Les pr\u00e9sentes conditions g\u00e9n\u00e9rales d\u00e9finissent les r\u00e8gles et r\u00e8glements r\u00e9gissant l\u2019utilisation du site web de\u00a0Evolutatv, situ\u00e9 \u00e0 l\u2019adresse\u00a0Evolutatv.com. En acc\u00e9dant \u00e0 ce site, vous acceptez ces conditions g\u00e9n\u00e9rales. Si vous n\u2019\u00eates pas d\u2019accord avec l\u2019ensemble des conditions \u00e9nonc\u00e9es sur cette page, veuillez ne pas poursuivre l\u2019utilisation de\u00a0Evolutatv. La terminologie suivante s\u2019applique \u00e0 ces&nbsp;Conditions g\u00e9n\u00e9rales, \u00e0 la&nbsp;Politique de confidentialit\u00e9&nbsp;et \u00e0 l\u2019Avis de non-responsabilit\u00e9, ainsi qu\u2019\u00e0 tous les accords conclus : Tous les termes se r\u00e9f\u00e8rent \u00e0 l\u2019offre, \u00e0 l\u2019acceptation et \u00e0 la contrepartie du paiement n\u00e9cessaires pour entreprendre notre assistance au client de la mani\u00e8re la plus appropri\u00e9e afin de r\u00e9pondre \u00e0 ses besoins concernant la fourniture des services de la soci\u00e9t\u00e9, conform\u00e9ment aux lois applicables. Cookies Nous utilisons des cookies.En acc\u00e9dant \u00e0\u00a0Evolutatv, vous acceptez l\u2019utilisation des cookies conform\u00e9ment \u00e0 la\u00a0Politique de confidentialit\u00e9 de Evolutatv. La plupart des sites web interactifs utilisent des cookies pour enregistrer les d\u00e9tails des visiteurs \u00e0 chaque visite. Les cookies sont utilis\u00e9s sur notre site afin d\u2019activer certaines fonctionnalit\u00e9s et de faciliter la navigation. Certains de nos partenaires affili\u00e9s ou publicitaires peuvent \u00e9galement utiliser des cookies. Licence Sauf indication contraire,\u00a0Evolutatv\u00a0et\/ou ses conc\u00e9dants d\u00e9tiennent les droits de propri\u00e9t\u00e9 intellectuelle sur l\u2019ensemble du contenu pr\u00e9sent sur\u00a0Evolutatv. Tous les droits sont r\u00e9serv\u00e9s. Vous ne devez pas : Certaines sections du site offrent la possibilit\u00e9 aux utilisateurs de publier et d\u2019\u00e9changer des opinions ou informations.\u00a0Evolutatv\u00a0ne filtre pas, n\u2019\u00e9dite pas et ne publie pas les commentaires avant leur affichage. Les commentaires refl\u00e8tent uniquement les opinions de leurs auteurs et non celles de\u00a0Evolutatv, de ses agents ou affili\u00e9s. Dans la mesure permise par la loi,\u00a0Evolutatv\u00a0ne saurait \u00eatre tenue responsable des commentaires publi\u00e9s, ni des dommages ou pertes r\u00e9sultant de leur utilisation. Evolutatfg\u00a0se r\u00e9serve le droit de surveiller tous les commentaires et de supprimer tout contenu jug\u00e9 inappropri\u00e9, offensant ou en violation de ces conditions. Vous garantissez et d\u00e9clarez que : Vous accordez \u00e0\u00a0Evolutatv\u00a0une licence non exclusive pour utiliser, reproduire, \u00e9diter et autoriser d\u2019autres \u00e0 utiliser, reproduire et modifier vos commentaires sous toute forme, format ou m\u00e9dia. Liens vers notre contenu Les organisations suivantes peuvent \u00e9tablir un lien vers notre site sans autorisation \u00e9crite pr\u00e9alable : Ces organisations peuvent cr\u00e9er un lien vers notre page d\u2019accueil ou vers d\u2019autres pages du site \u00e0 condition que le lien : (a) ne soit pas trompeur.(b) n\u2019implique pas faussement un parrainage ou une approbation de notre part.(c) s\u2019int\u00e8gre dans le contexte du site d\u2019origine. Nous pouvons envisager et approuver des demandes de lien provenant d\u2019autres organisations telles que : Nous approuverons ces liens si nous estimons qu\u2019ils ne nuisent pas \u00e0 notre image, que l\u2019organisation n\u2019a pas d\u2019ant\u00e9c\u00e9dents n\u00e9gatifs, et que la visibilit\u00e9 offerte par le lien pr\u00e9sente un avantage. Les liens approuv\u00e9s peuvent pointer vers notre site en utilisant : Aucune utilisation du\u00a0logo ou des \u00e9l\u00e9ments graphiques\u00a0de\u00a0Evolutatv\u00a0n\u2019est autoris\u00e9e sans accord de licence de marque. iFrames Sans autorisation \u00e9crite pr\u00e9alable, il est interdit de cr\u00e9er des cadres (frames) autour de nos pages web modifiant la pr\u00e9sentation visuelle ou l\u2019apparence de notre site. Responsabilit\u00e9 du contenu Nous ne serons pas responsables du contenu apparaissant sur votre site web.Vous acceptez de nous indemniser et de nous d\u00e9fendre contre toute r\u00e9clamation d\u00e9coulant de votre site. Aucun lien ne doit appara\u00eetre sur un site pouvant \u00eatre interpr\u00e9t\u00e9 comme diffamatoire, obsc\u00e8ne, criminel, ou violant les droits d\u2019un tiers. R\u00e9serve de droits Nous nous r\u00e9servons le droit de demander la suppression de tout lien vers notre site. Vous acceptez de supprimer imm\u00e9diatement tout lien \u00e0 la demande de\u00a0Evolutatv.Nous nous r\u00e9servons \u00e9galement le droit de modifier ces conditions et notre politique de liens \u00e0 tout moment. En continuant \u00e0 cr\u00e9er des liens vers notre site, vous acceptez d\u2019\u00eatre li\u00e9 \u00e0 ces conditions. Suppression de liens depuis notre site Si vous estimez qu\u2019un lien pr\u00e9sent sur notre site est offensant, vous pouvez nous en informer \u00e0 tout moment.Nous examinerons votre demande, mais nous ne sommes pas oblig\u00e9s d\u2019y donner suite. Nous ne garantissons pas que les informations du site soient exactes, compl\u00e8tes ou \u00e0 jour. Nous ne garantissons pas non plus la disponibilit\u00e9 continue du site. Clause de non-responsabilit\u00e9 Dans la mesure permise par la loi applicable, nous excluons toute garantie ou condition relative \u00e0 notre site web et \u00e0 son utilisation. Rien dans la pr\u00e9sente clause ne saurait : Les limitations de responsabilit\u00e9 \u00e9nonc\u00e9es ici s\u2019appliquent \u00e0 toutes les formes de responsabilit\u00e9 (contractuelle, d\u00e9lictuelle, ou autre). Tant que le site et les services fournis le sont&nbsp;gratuitement, nous ne serons pas responsables d\u2019aucune perte ou dommage de quelque nature que ce soit.<\/p>\n","protected":false},"author":2,"featured_media":0,"parent":0,"menu_order":0,"comment_status":"closed","ping_status":"closed","template":"","meta":{"_uag_custom_page_level_css":"","site-sidebar-layout":"default","site-content-layout":"","ast-site-content-layout":"default","site-content-style":"default","site-sidebar-style":"default","ast-global-header-display":"","ast-banner-title-visibility":"","ast-main-header-display":"","ast-hfb-above-header-display":"","ast-hfb-below-header-display":"","ast-hfb-mobile-header-display":"","site-post-title":"","ast-breadcrumbs-content":"","ast-featured-img":"","footer-sml-layout":"","ast-disable-related-posts":"","theme-transparent-header-meta":"default","adv-header-id-meta":"","stick-header-meta":"","header-above-stick-meta":"","header-main-stick-meta":"","header-below-stick-meta":"","astra-migrate-meta-layouts":"set","ast-page-background-enabled":"default","ast-page-background-meta":{"desktop":{"background-color":"var(--ast-global-color-5)","background-image":"","background-repeat":"repeat","background-position":"center center","background-size":"auto","background-attachment":"scroll","background-type":"","background-media":"","overlay-type":"","overlay-color":"","overlay-opacity":"","overlay-gradient":""},"tablet":{"background-color":"","background-image":"","background-repeat":"repeat","background-position":"center center","background-size":"auto","background-attachment":"scroll","background-type":"","background-media":"","overlay-type":"","overlay-color":"","overlay-opacity":"","overlay-gradient":""},"mobile":{"background-color":"","background-image":"","background-repeat":"repeat","background-position":"center center","background-size":"auto","background-attachment":"scroll","background-type":"","background-media":"","overlay-type":"","overlay-color":"","overlay-opacity":"","overlay-gradient":""}},"ast-content-background-meta":{"desktop":{"background-color":"var(--ast-global-color-4)","background-image":"","background-repeat":"repeat","background-position":"center center","background-size":"auto","background-attachment":"scroll","background-type":"","background-media":"","overlay-type":"","overlay-color":"","overlay-opacity":"","overlay-gradient":""},"tablet":{"background-color":"var(--ast-global-color-4)","background-image":"","background-repeat":"repeat","background-position":"center center","background-size":"auto","background-attachment":"scroll","background-type":"","background-media":"","overlay-type":"","overlay-color":"","overlay-opacity":"","overlay-gradient":""},"mobile":{"background-color":"var(--ast-global-color-4)","background-image":"","background-repeat":"repeat","background-position":"center center","background-size":"auto","background-attachment":"scroll","background-type":"","background-media":"","overlay-type":"","overlay-color":"","overlay-opacity":"","overlay-gradient":""}},"footnotes":""},"class_list":["post-244","page","type-page","status-publish","hentry"],"uagb_featured_image_src":{"full":false,"thumbnail":false,"medium":false,"medium_large":false,"large":false,"1536x1536":false,"2048x2048":false,"woocommerce_thumbnail":false,"woocommerce_single":false,"woocommerce_gallery_thumbnail":false},"uagb_author_info":{"display_name":"admin iptv","author_link":"https:\/\/evolutatv.com\/index.php\/author\/admin\/"},"uagb_comment_info":0,"uagb_excerpt":"Bienvenue chez Evolutatv! Les pr\u00e9sentes conditions g\u00e9n\u00e9rales d\u00e9finissent les r\u00e8gles et r\u00e8glements r\u00e9gissant l\u2019utilisation du site web de\u00a0Evolutatv, situ\u00e9 \u00e0 l\u2019adresse\u00a0Evolutatv.com. En acc\u00e9dant \u00e0 ce site, vous acceptez ces conditions g\u00e9n\u00e9rales. Si vous n\u2019\u00eates pas d\u2019accord avec l\u2019ensemble des conditions \u00e9nonc\u00e9es sur cette page, veuillez ne pas poursuivre l\u2019utilisation de\u00a0Evolutatv. La terminologie suivante s\u2019applique \u00e0&hellip;","_links":{"self":[{"href":"https:\/\/evolutatv.com\/index.php\/wp-json\/wp\/v2\/pages\/244","targetHints":{"allow":["GET"]}}],"collection":[{"href":"https:\/\/evolutatv.com\/index.php\/wp-json\/wp\/v2\/pages"}],"about":[{"href":"https:\/\/evolutatv.com\/index.php\/wp-json\/wp\/v2\/types\/page"}],"author":[{"embeddable":true,"href":"https:\/\/evolutatv.com\/index.php\/wp-json\/wp\/v2\/users\/2"}],"replies":[{"embeddable":true,"href":"https:\/\/evolutatv.com\/index.php\/wp-json\/wp\/v2\/comments?post=244"}],"version-history":[{"count":3,"href":"https:\/\/evolutatv.com\/index.php\/wp-json\/wp\/v2\/pages\/244\/revisions"}],"predecessor-version":[{"id":704,"href":"https:\/\/evolutatv.com\/index.php\/wp-json\/wp\/v2\/pages\/244\/revisions\/704"}],"wp:attachment":[{"href":"https:\/\/evolutatv.com\/index.php\/wp-json\/wp\/v2\/media?parent=244"}],"curies":[{"name":"wp","href":"https:\/\/api.w.org\/{rel}","templated":true}]}}